{"id":10709,"date":"2014-11-19T15:14:03","date_gmt":"2014-11-19T15:14:03","guid":{"rendered":"http:\/\/theme-fusion.com\/avadaxml\/?page_id=10709"},"modified":"2017-06-24T04:45:56","modified_gmt":"2017-06-24T04:45:56","slug":"home-3","status":"publish","type":"page","link":"http:\/\/schoferesmacas.org.ec\/","title":{"rendered":"Home"},"content":{"rendered":"<p><div  class=\"fusion-fullwidth fullwidth-box fusion-blend-mode nonhundred-percent-fullwidth\"  style='background-color: rgba(255,255,255,0);background-position: left top;background-repeat: no-repeat;padding-top:0px;padding-right:0px;padding-bottom:0px;padding-left:0px;border-top-width:0px;border-bottom-width:0px;border-color:#e5e4e4;border-top-style:solid;border-bottom-style:solid;'><div class=\"fusion-builder-row fusion-row \"><div  class=\"fusion-layout-column fusion_builder_column fusion_builder_column_1_1  fusion-one-full fusion-column-first fusion-column-last fusion-column-no-min-height 1_1\"  style='margin-top:0px;margin-bottom:0px;'>\n\t\t\t\t\t<div class=\"fusion-column-wrapper\" style=\"background-position:left top;background-repeat:no-repeat;-webkit-background-size:cover;-moz-background-size:cover;-o-background-size:cover;background-size:cover;\"  data-bg-url=\"\">\n\t\t\t\t\t\t<h1 style=\"text-align: center;\">Bienvenido a la p\u00e1gina oficial del Sindicato Provincial de Choferes de Morona Santiago<\/h1>\n<p style=\"text-align: center; margin-top: -10px; font-size: 18px; line-height: 27px;\">Macas &#8211; Morona Santiago &#8211; Ecuador<\/p>\n<div class=\"fusion-sep-clear\"><\/div><div class=\"fusion-separator fusion-full-width-sep sep-double sep-solid\" style=\"border-color:#e0dede;border-top-width:1px;border-bottom-width:1px;margin-left: auto;margin-right: auto;margin-top:15px;margin-bottom:40px;\"><\/div><div class=\"imageframe-align-center\"><span style=\"-moz-box-shadow: 0 0 3px rgba(0,0,0,.3);-webkit-box-shadow: 0 0 3px rgba(0,0,0,.3);box-shadow: 0 0 3px rgba(0,0,0,.3);\" class=\"fusion-imageframe imageframe-glow imageframe-1 hover-type-none fusion-animated\" data-animationType=\"fadeInUp\" data-animationDuration=\"1.0\" data-animationOffset=\"100%\"><a href=\"http:\/\/schoferesmacas.org.ec\/wp-content\/uploads\/2014\/11\/Grados-300x139.gif\" class=\"fusion-lightbox\" data-rel=\"iLightbox[d43f614760d09bbbfec]\" data-title=\"Grados\" title=\"Grados\"><img loading=\"lazy\" src=\"http:\/\/schoferesmacas.org.ec\/wp-content\/uploads\/2014\/11\/Grados-300x139.gif\" width=\"300\" height=\"139\" alt=\"\" class=\"img-responsive wp-image-11197\" srcset=\"http:\/\/schoferesmacas.org.ec\/wp-content\/uploads\/2014\/11\/Grados-200x93.gif 200w, http:\/\/schoferesmacas.org.ec\/wp-content\/uploads\/2014\/11\/Grados-400x186.gif 400w, http:\/\/schoferesmacas.org.ec\/wp-content\/uploads\/2014\/11\/Grados-600x279.gif 600w, http:\/\/schoferesmacas.org.ec\/wp-content\/uploads\/2014\/11\/Grados-800x371.gif 800w, http:\/\/schoferesmacas.org.ec\/wp-content\/uploads\/2014\/11\/Grados-1200x557.gif 1200w\" sizes=\"(max-width: 800px) 100vw, 1100px\" \/><\/a><\/span><\/div><div class=\"fusion-clearfix\"><\/div>\n\n\t\t\t\t\t<\/div>\n\t\t\t\t<\/div><\/div><\/div><div  class=\"fusion-fullwidth fullwidth-box fusion-parallax-fixed nonhundred-percent-fullwidth\"  style='background-color: #f8f8f8;background-image: url(\"http:\/\/sindicatodechoferesprofesionalesmacas.org.ec\/wp-content\/uploads\/2014\/06\/bkgd_bw2.jpg\");background-position: top left;background-repeat: no-repeat;padding-top:35px;padding-right:0px;padding-bottom:15px;padding-left:0px;border-top-width:1px;border-bottom-width:1px;border-color:#e5e4e4;border-top-style:solid;border-bottom-style:solid;-webkit-background-size:cover;-moz-background-size:cover;-o-background-size:cover;background-size:cover;background-attachment:fixed;'><div class=\"fusion-builder-row fusion-row \"><div  class=\"fusion-layout-column fusion_builder_column fusion_builder_column_1_2  fusion-one-half fusion-column-first 1_2\"  style='margin-top:0px;margin-bottom:20px;width:48%; margin-right: 4%;'>\n\t\t\t\t\t<div class=\"fusion-column-wrapper\" style=\"background-position:left top;background-repeat:no-repeat;-webkit-background-size:cover;-moz-background-size:cover;-o-background-size:cover;background-size:cover;\"  data-bg-url=\"\">\n\t\t\t\t\t\t<h1 style=\"text-align: center; font-size: 30px !important;\">43 a\u00f1os\u00a0al servicio de la clase y la comunidad<\/h1>\n<p style=\"text-align: center; margin-top: -10px; font-size: 17px !important; line-height: 24px !important;\">Con nuestros establecimientos \u00a0Escuela de Capacitaci\u00f3n para Ch\u00f3feres Profesionales, Estaci\u00f3n de Servicio de Combustibles y Ex\u00e1menes psicosensom\u00e9tricos<\/p>\n<div class=\"fusion-clearfix\"><\/div>\n\n\t\t\t\t\t<\/div>\n\t\t\t\t<\/div><div  class=\"fusion-layout-column fusion_builder_column fusion_builder_column_1_2  fusion-one-half fusion-column-last 1_2\"  style='margin-top:0px;margin-bottom:20px;width:48%'>\n\t\t\t\t\t<div class=\"fusion-column-wrapper\" style=\"background-position:left top;background-repeat:no-repeat;-webkit-background-size:cover;-moz-background-size:cover;-o-background-size:cover;background-size:cover;\"  data-bg-url=\"\">\n\t\t\t\t\t\t<div class=\"fusion-sep-clear\"><\/div><div class=\"fusion-separator fusion-full-width-sep sep-none\" style=\"margin-left: auto;margin-right: auto;margin-top:20px;\"><\/div><div class=\"imageframe-align-center\"><span class=\"fusion-imageframe imageframe-none imageframe-2 hover-type-none fusion-animated\" data-animationType=\"fadeInUp\" data-animationDuration=\"1.0\" data-animationOffset=\"100%\"><a href=\"http:\/\/schoferesmacas.org.ec\/wp-content\/uploads\/2017\/06\/19369115_1735360109811877_1704110750_o-252x300.png\" class=\"fusion-lightbox\" data-rel=\"iLightbox[d319fc43324edfb2ac0]\" data-title=\"logo\" title=\"logo\"><img loading=\"lazy\" src=\"http:\/\/schoferesmacas.org.ec\/wp-content\/uploads\/2017\/06\/19369115_1735360109811877_1704110750_o-252x300.png\" width=\"252\" height=\"300\" alt=\"\" class=\"img-responsive wp-image-11175\" srcset=\"http:\/\/schoferesmacas.org.ec\/wp-content\/uploads\/2017\/06\/19369115_1735360109811877_1704110750_o-200x238.png 200w, http:\/\/schoferesmacas.org.ec\/wp-content\/uploads\/2017\/06\/19369115_1735360109811877_1704110750_o-400x477.png 400w, http:\/\/schoferesmacas.org.ec\/wp-content\/uploads\/2017\/06\/19369115_1735360109811877_1704110750_o-600x715.png 600w, http:\/\/schoferesmacas.org.ec\/wp-content\/uploads\/2017\/06\/19369115_1735360109811877_1704110750_o-800x954.png 800w, http:\/\/schoferesmacas.org.ec\/wp-content\/uploads\/2017\/06\/19369115_1735360109811877_1704110750_o-1200x1431.png 1200w, http:\/\/schoferesmacas.org.ec\/wp-content\/uploads\/2017\/06\/19369115_1735360109811877_1704110750_o.png 1718w\" sizes=\"(max-width: 800px) 100vw, 1100px\" \/><\/a><\/span><\/div><div class=\"fusion-clearfix\"><\/div>\n\n\t\t\t\t\t<\/div>\n\t\t\t\t<\/div><div  class=\"fusion-layout-column fusion_builder_column fusion_builder_column_1_1  fusion-one-full fusion-column-first fusion-column-last fusion-column-no-min-height 1_1\"  style='margin-top:0px;margin-bottom:0px;'>\n\t\t\t\t\t<div class=\"fusion-column-wrapper\" style=\"background-position:left top;background-repeat:no-repeat;-webkit-background-size:cover;-moz-background-size:cover;-o-background-size:cover;background-size:cover;\"  data-bg-url=\"\">\n\t\t\t\t\t\t<div class=\"fusion-sep-clear\"><\/div><div class=\"fusion-separator fusion-full-width-sep sep-none\" style=\"margin-left: auto;margin-right: auto;margin-top:20px;\"><\/div><div class=\"fusion-clearfix\"><\/div>\n\n\t\t\t\t\t<\/div>\n\t\t\t\t<\/div><div  class=\"fusion-layout-column fusion_builder_column fusion_builder_column_1_1  fusion-one-full fusion-column-first fusion-column-last fusion-column-no-min-height 1_1\"  style='margin-top:0px;margin-bottom:0px;'>\n\t\t\t\t\t<div class=\"fusion-column-wrapper\" style=\"background-position:left top;background-repeat:no-repeat;-webkit-background-size:cover;-moz-background-size:cover;-o-background-size:cover;background-size:cover;\"  data-bg-url=\"\">\n\t\t\t\t\t\t<div class=\"fusion-counters-box counters-box row fusion-clearfix fusion-columns-4\"><div class=\"fusion-counter-box fusion-column col-counter-box counter-box-wrapper col-lg-3 col-md-3 col-sm-3\" data-animationOffset=\"100%\"><div class=\"counter-box-container\" style=\"border: 1px solid #e0dede;\"><div class=\"content-box-percentage content-box-counter\" style=\"color:#a0ce4e;font-size:50px;line-height:normal;\"><i class=\"counter-box-icon fa fontawesome-icon fa-users\" style=\"font-size:50px;\"><\/i><span class=\"display-counter\" data-value=\"77\" data-direction=\"up\" data-decimals=\"0\">0<\/span><\/div><div class=\"counter-box-content\" style=\"color:#747474;font-size:13px;\">N\u00famero de socios<\/div><\/div><\/div><div class=\"fusion-counter-box fusion-column col-counter-box counter-box-wrapper col-lg-3 col-md-3 col-sm-3\" data-animationOffset=\"100%\"><div class=\"counter-box-container\" style=\"border: 1px solid #e0dede;\"><div class=\"content-box-percentage content-box-counter\" style=\"color:#a0ce4e;font-size:50px;line-height:normal;\"><i class=\"counter-box-icon fa fontawesome-icon fa-slideshare\" style=\"font-size:50px;\"><\/i><span class=\"display-counter\" data-value=\"7816\" data-direction=\"up\" data-decimals=\"0\">0<\/span><\/div><div class=\"counter-box-content\" style=\"color:#747474;font-size:13px;\">Alumnos graduados<\/div><\/div><\/div><div class=\"fusion-counter-box fusion-column col-counter-box counter-box-wrapper col-lg-3 col-md-3 col-sm-3\" data-animationOffset=\"100%\"><div class=\"counter-box-container\" style=\"border: 1px solid #e0dede;\"><div class=\"content-box-percentage content-box-counter\" style=\"color:#a0ce4e;font-size:50px;line-height:normal;\"><i class=\"counter-box-icon fa fontawesome-icon fa-road\" style=\"font-size:50px;\"><\/i><span class=\"display-counter\" data-value=\"43\" data-direction=\"up\" data-decimals=\"0\">0<\/span><\/div><div class=\"counter-box-content\" style=\"color:#747474;font-size:13px;\">A\u00f1os de servicio<\/div><\/div><\/div><\/div><div class=\"clearfix\"><\/div><div class=\"fusion-sep-clear\"><\/div><div class=\"fusion-separator fusion-full-width-sep sep-none\" style=\"margin-left: auto;margin-right: auto;margin-top:40px;\"><\/div><div class=\"fusion-clearfix\"><\/div>\n\n\t\t\t\t\t<\/div>\n\t\t\t\t<\/div><\/div><\/div><div  class=\"fusion-fullwidth fullwidth-box fusion-blend-mode nonhundred-percent-fullwidth\"  style='background-color: rgba(255,255,255,0);background-position: top left;background-repeat: no-repeat;padding-top:45px;padding-right:0px;padding-bottom:45px;padding-left:0px;border-top-width:1px;border-bottom-width:1px;border-color:#e5e4e4;border-top-style:solid;border-bottom-style:solid;'><div class=\"fusion-builder-row fusion-row \"><div  class=\"fusion-layout-column fusion_builder_column fusion_builder_column_1_1  fusion-one-full fusion-column-first fusion-column-last fusion-column-no-min-height 1_1\"  style='margin-top:0px;margin-bottom:0px;'>\n\t\t\t\t\t<div class=\"fusion-column-wrapper\" style=\"background-position:left top;background-repeat:no-repeat;-webkit-background-size:cover;-moz-background-size:cover;-o-background-size:cover;background-size:cover;\"  data-bg-url=\"\">\n\t\t\t\t\t\t<h1 style=\"text-align: center; font-size: 30px !important;\">Capacitaci\u00f3n Profesional en conducci\u00f3n<\/h1>\n<div class=\"fusion-sep-clear\"><\/div><div class=\"fusion-separator fusion-full-width-sep sep-double sep-solid\" style=\"border-color:#e0dede;border-top-width:1px;border-bottom-width:1px;margin-left: auto;margin-right: auto;margin-top:15px;margin-bottom:40px;\"><\/div><div class=\"imageframe-align-center\"><span class=\"fusion-imageframe imageframe-none imageframe-3 hover-type-none\"><a href=\"http:\/\/schoferesmacas.org.ec\/wp-content\/uploads\/2014\/11\/ESCUDO-DE-LA-ESCUELA-254x300.jpg\" class=\"fusion-lightbox\" data-rel=\"iLightbox[6b110e2a2207bfc8c64]\" data-title=\"ESCUDO DE LA ESCUELA\" title=\"ESCUDO DE LA ESCUELA\"><img loading=\"lazy\" src=\"http:\/\/schoferesmacas.org.ec\/wp-content\/uploads\/2014\/11\/ESCUDO-DE-LA-ESCUELA-254x300.jpg\" width=\"254\" height=\"300\" alt=\"\" class=\"img-responsive wp-image-11201\" srcset=\"http:\/\/schoferesmacas.org.ec\/wp-content\/uploads\/2014\/11\/ESCUDO-DE-LA-ESCUELA-200x236.jpg 200w, http:\/\/schoferesmacas.org.ec\/wp-content\/uploads\/2014\/11\/ESCUDO-DE-LA-ESCUELA.jpg 288w\" sizes=\"(max-width: 800px) 100vw, 1100px\" \/><\/a><\/span><\/div><div class=\"fusion-clearfix\"><\/div>\n\n\t\t\t\t\t<\/div>\n\t\t\t\t<\/div><\/div><\/div><div  class=\"fusion-fullwidth fullwidth-box nonhundred-percent-fullwidth\"  style='background-color: #333333;background-position: top left;background-repeat: no-repeat;padding-top:30px;padding-right:0px;padding-bottom:35px;padding-left:0px;border-top-width:0px;border-bottom-width:0px;border-color:#e5e4e4;border-top-style:solid;border-bottom-style:solid;'><div class=\"fusion-builder-row fusion-row \"><div  class=\"fusion-layout-column fusion_builder_column fusion_builder_column_1_1  fusion-one-full fusion-column-first fusion-column-last fusion-column-no-min-height 1_1\"  style='margin-top:0px;margin-bottom:0px;'>\n\t\t\t\t\t<div class=\"fusion-column-wrapper\" style=\"background-position:left top;background-repeat:no-repeat;-webkit-background-size:cover;-moz-background-size:cover;-o-background-size:cover;background-size:cover;\"  data-bg-url=\"\">\n\t\t\t\t\t\t<h1 style=\"text-align: center; font-size: 30px !important; color: #fff !important;\">Entre nuestros servicios se encuentran:<\/h1>\n<div class=\"fusion-clearfix\"><\/div>\n\n\t\t\t\t\t<\/div>\n\t\t\t\t<\/div><\/div><\/div><div  class=\"fusion-fullwidth fullwidth-box fusion-blend-mode hundred-percent-fullwidth\"  style='background-color: rgba(255,255,255,0);background-position: center center;background-repeat: no-repeat;padding-top:0px;padding-right:0px;padding-bottom:0px;padding-left:0px;'><div class=\"fusion-builder-row fusion-row \"><div  class=\"fusion-layout-column fusion_builder_column fusion_builder_column_1_1  fusion-one-full fusion-column-first fusion-column-last fusion-column-no-min-height 1_1\"  style='margin-top:0px;margin-bottom:0px;'>\n\t\t\t\t\t<div class=\"fusion-column-wrapper\" style=\"background-position:left top;background-repeat:no-repeat;-webkit-background-size:cover;-moz-background-size:cover;-o-background-size:cover;background-size:cover;\"  data-bg-url=\"\">\n\t\t\t\t\t\t<div class=\"fusion-section-separator section-separator\" style=\"border-bottom:1px solid #333333;margin-left:-0px;margin-right:-0px;\"><div class=\"divider-candy-arrow bottom\" style=\"top:0px;border-top-color: #333333;\"><\/div><div class=\"divider-candy bottom\" style=\"bottom:-21px;border-bottom:1px solid #333333;border-left:1px solid #333333;\"><\/div><\/div><div class=\"fusion-clearfix\"><\/div>\n\n\t\t\t\t\t<\/div>\n\t\t\t\t<\/div><\/div><\/div><div  class=\"fusion-fullwidth fullwidth-box fusion-blend-mode nonhundred-percent-fullwidth\"  style='background-color: rgba(255,255,255,0);background-position: top left;background-repeat: no-repeat;padding-top:100px;padding-right:0px;padding-bottom:50px;padding-left:0px;border-top-width:0px;border-bottom-width:0px;border-color:#e5e4e4;border-top-style:solid;border-bottom-style:solid;'><div class=\"fusion-builder-row fusion-row \"><div  class=\"fusion-layout-column fusion_builder_column fusion_builder_column_1_1  fusion-one-full fusion-column-first fusion-column-last fusion-column-no-min-height 1_1\"  style='margin-top:0px;margin-bottom:0px;'>\n\t\t\t\t\t<div class=\"fusion-column-wrapper\" style=\"background-position:left top;background-repeat:no-repeat;-webkit-background-size:cover;-moz-background-size:cover;-o-background-size:cover;background-size:cover;\"  data-bg-url=\"\">\n\t\t\t\t\t\t<div class=\"fusion-sep-clear\"><\/div><div class=\"fusion-separator fusion-full-width-sep sep-none\" style=\"margin-left: auto;margin-right: auto;margin-top:20px;margin-bottom:20px;\"><\/div><div class=\"fusion-clearfix\"><\/div>\n\n\t\t\t\t\t<\/div>\n\t\t\t\t<\/div><div  class=\"fusion-layout-column fusion_builder_column fusion_builder_column_1_3  fusion-one-third fusion-column-first 1_3\"  style='margin-top:0px;margin-bottom:20px;width:30.6666%; margin-right: 4%;'>\n\t\t\t\t\t<div class=\"fusion-column-wrapper\" style=\"background-position:left top;background-repeat:no-repeat;-webkit-background-size:cover;-moz-background-size:cover;-o-background-size:cover;background-size:cover;\"  data-bg-url=\"\">\n\t\t\t\t\t\t<div class=\"imageframe-align-center\"><span class=\"fusion-imageframe imageframe-none imageframe-4 hover-type-none fusion-animated\" data-animationType=\"fadeInDown\" data-animationDuration=\"1.0\" data-animationOffset=\"100%\"><a href=\"http:\/\/schoferesmacas.org.ec\/wp-content\/uploads\/2014\/11\/institucion-300x225.gif\" class=\"fusion-lightbox\" data-rel=\"iLightbox[f0337273811b0d7e197]\" data-title=\"institucion\" title=\"institucion\"><img loading=\"lazy\" src=\"http:\/\/schoferesmacas.org.ec\/wp-content\/uploads\/2014\/11\/institucion-300x225.gif\" width=\"300\" height=\"225\" alt=\"\" class=\"img-responsive wp-image-11196\" srcset=\"http:\/\/schoferesmacas.org.ec\/wp-content\/uploads\/2014\/11\/institucion-200x150.gif 200w, http:\/\/schoferesmacas.org.ec\/wp-content\/uploads\/2014\/11\/institucion-400x300.gif 400w, http:\/\/schoferesmacas.org.ec\/wp-content\/uploads\/2014\/11\/institucion-600x450.gif 600w, http:\/\/schoferesmacas.org.ec\/wp-content\/uploads\/2014\/11\/institucion-800x600.gif 800w, http:\/\/schoferesmacas.org.ec\/wp-content\/uploads\/2014\/11\/institucion-1200x900.gif 1200w\" sizes=\"(max-width: 800px) 100vw, 1100px\" \/><\/a><\/span><\/div><div class=\"fusion-sep-clear\"><\/div><div class=\"fusion-separator fusion-full-width-sep sep-none\" style=\"margin-left: auto;margin-right: auto;margin-top:15px;margin-bottom:15px;\"><\/div><p><strong>Sede Social<\/strong><\/p>\n<div class=\"fusion-sep-clear\"><\/div><div class=\"fusion-separator fusion-full-width-sep sep-none\" style=\"margin-left: auto;margin-right: auto;margin-top:-10px;margin-bottom:-10px;\"><\/div><p>Sindicato de Choferes Macas<\/p>\n<div class=\"fusion-clearfix\"><\/div>\n\n\t\t\t\t\t<\/div>\n\t\t\t\t<\/div><div  class=\"fusion-layout-column fusion_builder_column fusion_builder_column_1_3  fusion-one-third 1_3\"  style='margin-top:0px;margin-bottom:20px;width:30.6666%; margin-right: 4%;'>\n\t\t\t\t\t<div class=\"fusion-column-wrapper\" style=\"background-position:left top;background-repeat:no-repeat;-webkit-background-size:cover;-moz-background-size:cover;-o-background-size:cover;background-size:cover;\"  data-bg-url=\"\">\n\t\t\t\t\t\t<div class=\"imageframe-align-center\"><span class=\"fusion-imageframe imageframe-none imageframe-5 hover-type-none fusion-animated\" data-animationType=\"fadeInDown\" data-animationDuration=\"1.0\" data-animationOffset=\"100%\"><a href=\"http:\/\/schoferesmacas.org.ec\/wp-content\/uploads\/2017\/06\/alumnos-tipo-c-300x225.png\" class=\"fusion-lightbox\" data-rel=\"iLightbox[a334cc87768ef5d82b1]\" data-title=\"alumnos tipo c\" title=\"alumnos tipo c\"><img loading=\"lazy\" src=\"http:\/\/schoferesmacas.org.ec\/wp-content\/uploads\/2017\/06\/alumnos-tipo-c-300x225.png\" width=\"300\" height=\"225\" alt=\"\" class=\"img-responsive wp-image-11177\" srcset=\"http:\/\/schoferesmacas.org.ec\/wp-content\/uploads\/2017\/06\/alumnos-tipo-c-200x150.png 200w, http:\/\/schoferesmacas.org.ec\/wp-content\/uploads\/2017\/06\/alumnos-tipo-c-400x300.png 400w, http:\/\/schoferesmacas.org.ec\/wp-content\/uploads\/2017\/06\/alumnos-tipo-c.png 518w\" sizes=\"(max-width: 800px) 100vw, 1100px\" \/><\/a><\/span><\/div><div class=\"fusion-sep-clear\"><\/div><div class=\"fusion-separator fusion-full-width-sep sep-none\" style=\"margin-left: auto;margin-right: auto;margin-top:15px;margin-bottom:15px;\"><\/div><h2>Escuela de conducci\u00f3n<\/h2>\n<div class=\"fusion-sep-clear\"><\/div><div class=\"fusion-separator fusion-full-width-sep sep-none\" style=\"margin-left: auto;margin-right: auto;margin-top:-10px;margin-bottom:-10px;\"><\/div><p>ESCUELA DE CONDUCCI\u00d3N PROFESIONAL<\/p>\n<p>\u00abDOMINGO ALAVA CADENA\u00bb<\/p>\n<div class=\"fusion-clearfix\"><\/div>\n\n\t\t\t\t\t<\/div>\n\t\t\t\t<\/div><div  class=\"fusion-layout-column fusion_builder_column fusion_builder_column_1_3  fusion-one-third fusion-column-last 1_3\"  style='margin-top:0px;margin-bottom:20px;width:30.6666%'>\n\t\t\t\t\t<div class=\"fusion-column-wrapper\" style=\"background-position:left top;background-repeat:no-repeat;-webkit-background-size:cover;-moz-background-size:cover;-o-background-size:cover;background-size:cover;\"  data-bg-url=\"\">\n\t\t\t\t\t\t<div class=\"imageframe-align-center\"><span class=\"fusion-imageframe imageframe-none imageframe-6 hover-type-none fusion-animated\" data-animationType=\"fadeInDown\" data-animationDuration=\"1.0\" data-animationOffset=\"100%\"><a href=\"http:\/\/schoferesmacas.org.ec\/wp-content\/uploads\/2012\/07\/Gasolinera-Nueva-300x225.png\" class=\"fusion-lightbox\" data-rel=\"iLightbox[d235bf81a9421266e90]\" data-title=\"Gasolinera-Nueva\" title=\"Gasolinera-Nueva\"><img loading=\"lazy\" src=\"http:\/\/schoferesmacas.org.ec\/wp-content\/uploads\/2012\/07\/Gasolinera-Nueva-300x225.png\" width=\"300\" height=\"225\" alt=\"\" class=\"img-responsive wp-image-11186\" srcset=\"http:\/\/schoferesmacas.org.ec\/wp-content\/uploads\/2012\/07\/Gasolinera-Nueva-200x150.png 200w, http:\/\/schoferesmacas.org.ec\/wp-content\/uploads\/2012\/07\/Gasolinera-Nueva-400x300.png 400w, http:\/\/schoferesmacas.org.ec\/wp-content\/uploads\/2012\/07\/Gasolinera-Nueva-600x450.png 600w, http:\/\/schoferesmacas.org.ec\/wp-content\/uploads\/2012\/07\/Gasolinera-Nueva-800x600.png 800w, http:\/\/schoferesmacas.org.ec\/wp-content\/uploads\/2012\/07\/Gasolinera-Nueva.png 979w\" sizes=\"(max-width: 800px) 100vw, 1100px\" \/><\/a><\/span><\/div><div class=\"fusion-sep-clear\"><\/div><div class=\"fusion-separator fusion-full-width-sep sep-none\" style=\"margin-left: auto;margin-right: auto;margin-top:15px;margin-bottom:15px;\"><\/div><p><strong>Estaci\u00f3n de Servicio<\/strong><\/p>\n<div class=\"fusion-sep-clear\"><\/div><div class=\"fusion-separator fusion-full-width-sep sep-none\" style=\"margin-left: auto;margin-right: auto;margin-top:-10px;margin-bottom:-10px;\"><\/div><div class=\"fusion-clearfix\"><\/div>\n\n\t\t\t\t\t<\/div>\n\t\t\t\t<\/div><div  class=\"fusion-layout-column fusion_builder_column fusion_builder_column_1_1  fusion-one-full fusion-column-first fusion-column-last fusion-column-no-min-height 1_1\"  style='margin-top:0px;margin-bottom:0px;'>\n\t\t\t\t\t<div class=\"fusion-column-wrapper\" style=\"background-position:left top;background-repeat:no-repeat;-webkit-background-size:cover;-moz-background-size:cover;-o-background-size:cover;background-size:cover;\"  data-bg-url=\"\">\n\t\t\t\t\t\t<div class=\"fusion-sep-clear\"><\/div><div class=\"fusion-separator fusion-full-width-sep sep-none\" style=\"margin-left: auto;margin-right: auto;margin-top:20px;margin-bottom:20px;\"><\/div><div class=\"fusion-clearfix\"><\/div>\n\n\t\t\t\t\t<\/div>\n\t\t\t\t<\/div><\/div><\/div><div  class=\"fusion-fullwidth fullwidth-box fusion-blend-mode hundred-percent-fullwidth\"  style='background-color: rgba(255,255,255,0);background-position: center center;background-repeat: no-repeat;padding-top:0px;padding-right:0px;padding-bottom:0px;padding-left:0px;'><div class=\"fusion-builder-row fusion-row \"><div  class=\"fusion-layout-column fusion_builder_column fusion_builder_column_1_1  fusion-one-full fusion-column-first fusion-column-last fusion-column-no-min-height 1_1\"  style='margin-top:0px;margin-bottom:0px;'>\n\t\t\t\t\t<div class=\"fusion-column-wrapper\" style=\"background-position:left top;background-repeat:no-repeat;-webkit-background-size:cover;-moz-background-size:cover;-o-background-size:cover;background-size:cover;\"  data-bg-url=\"\">\n\t\t\t\t\t\t<div class=\"fusion-section-separator section-separator\" style=\"border-top:1px solid #333333;margin-left:-0px;margin-right:-0px;\"><div class=\"divider-candy-arrow top\" style=\"bottom:0px;border-bottom-color: #333333;\"><\/div><div class=\"divider-candy top\" style=\"top:-21px;border-bottom:1px solid #333333;border-left:1px solid #333333;\"><\/div><\/div><div class=\"fusion-clearfix\"><\/div>\n\n\t\t\t\t\t<\/div>\n\t\t\t\t<\/div><\/div><\/div><\/p>\n","protected":false},"excerpt":{"rendered":"","protected":false},"author":1,"featured_media":0,"parent":0,"menu_order":0,"comment_status":"closed","ping_status":"closed","template":"100-width.php","meta":[],"_links":{"self":[{"href":"http:\/\/schoferesmacas.org.ec\/index.php?rest_route=\/wp\/v2\/pages\/10709"}],"collection":[{"href":"http:\/\/schoferesmacas.org.ec\/index.php?rest_route=\/wp\/v2\/pages"}],"about":[{"href":"http:\/\/schoferesmacas.org.ec\/index.php?rest_route=\/wp\/v2\/types\/page"}],"author":[{"embeddable":true,"href":"http:\/\/schoferesmacas.org.ec\/index.php?rest_route=\/wp\/v2\/users\/1"}],"replies":[{"embeddable":true,"href":"http:\/\/schoferesmacas.org.ec\/index.php?rest_route=%2Fwp%2Fv2%2Fcomments&post=10709"}],"version-history":[{"count":29,"href":"http:\/\/schoferesmacas.org.ec\/index.php?rest_route=\/wp\/v2\/pages\/10709\/revisions"}],"predecessor-version":[{"id":11308,"href":"http:\/\/schoferesmacas.org.ec\/index.php?rest_route=\/wp\/v2\/pages\/10709\/revisions\/11308"}],"wp:attachment":[{"href":"http:\/\/schoferesmacas.org.ec\/index.php?rest_route=%2Fwp%2Fv2%2Fmedia&parent=10709"}],"curies":[{"name":"wp","href":"https:\/\/api.w.org\/{rel}","templated":true}]}}